{"id":405,"date":"2017-11-26T15:49:31","date_gmt":"2017-11-26T14:49:31","guid":{"rendered":"http:\/\/lumisculpt.fr\/?page_id=405"},"modified":"2021-12-28T15:42:39","modified_gmt":"2021-12-28T14:42:39","slug":"galerie-lampes-anciennes","status":"publish","type":"page","link":"http:\/\/lumisculpt.fr\/?page_id=405","title":{"rendered":"Lampes Pigeon"},"content":{"rendered":"\t\t<div data-elementor-type=\"wp-post\" data-elementor-id=\"405\" class=\"elementor elementor-405\" data-elementor-settings=\"[]\">\n\t\t\t\t\t\t<div class=\"elementor-inner\">\n\t\t\t\t\t\t\t<div class=\"elementor-section-wrap\">\n\t\t\t\t\t\t\t<section class=\"elementor-section elementor-top-section elementor-element elementor-element-33310e28 elementor-section-boxed elementor-section-height-default elementor-section-height-default\" data-id=\"33310e28\" data-element_type=\"section\">\n\t\t\t\t\t\t<div class=\"elementor-container elementor-column-gap-default\">\n\t\t\t\t\t\t\t<div class=\"elementor-row\">\n\t\t\t\t\t<div class=\"elementor-column elementor-col-100 elementor-top-column elementor-element elementor-element-3c64f39c\" data-id=\"3c64f39c\" data-element_type=\"column\">\n\t\t\t<div class=\"elementor-column-wrap elementor-element-populated\">\n\t\t\t\t\t\t\t<div class=\"elementor-widget-wrap\">\n\t\t\t\t\t\t<div class=\"elementor-element elementor-element-1ef5ad38 elementor-widget elementor-widget-text-editor\" data-id=\"1ef5ad38\" data-element_type=\"widget\" data-widget_type=\"text-editor.default\">\n\t\t\t\t<div class=\"elementor-widget-container\">\n\t\t\t\t\t<div class=\"elementor-text-editor elementor-clearfix\"><p>Sensibles \u00e0 la r\u00e9habilitation d&#8217;objets anciens, nous avons d\u00e9velopp\u00e9 de nouvelles sculptures int\u00e9gr\u00e9es dans le globe de lampes anciennes-Pigeon pour leur offrir une seconde vie.<\/p><p>Nous r\u00e9alisons des sculptures sur mesure pour r\u00e9habiliter vos propres lampes. <\/p><\/div>\n\t\t\t\t<\/div>\n\t\t\t\t<\/div>\n\t\t\t\t\t\t<\/div>\n\t\t\t\t\t<\/div>\n\t\t<\/div>\n\t\t\t\t\t\t\t\t<\/div>\n\t\t\t\t\t<\/div>\n\t\t<\/section>\n\t\t\t\t<section class=\"elementor-section elementor-top-section elementor-element elementor-element-b206b1c elementor-section-boxed elementor-section-height-default elementor-section-height-default\" data-id=\"b206b1c\" data-element_type=\"section\">\n\t\t\t\t\t\t<div class=\"elementor-container elementor-column-gap-default\">\n\t\t\t\t\t\t\t<div class=\"elementor-row\">\n\t\t\t\t\t<div class=\"elementor-column elementor-col-100 elementor-top-column elementor-element elementor-element-a57d2b1\" data-id=\"a57d2b1\" data-element_type=\"column\">\n\t\t\t<div class=\"elementor-column-wrap elementor-element-populated\">\n\t\t\t\t\t\t\t<div class=\"elementor-widget-wrap\">\n\t\t\t\t\t\t<div class=\"elementor-element elementor-element-20fa97f elementor-widget elementor-widget-image\" data-id=\"20fa97f\" data-element_type=\"widget\" data-widget_type=\"image.default\">\n\t\t\t\t<div class=\"elementor-widget-container\">\n\t\t\t\t\t<div class=\"elementor-image\">\n\t\t\t\t\t\t\t\t\t\t<img width=\"724\" height=\"1024\" src=\"http:\/\/lumisculpt.fr\/wp-content\/uploads\/2021\/12\/Lumisculpt_formulaire-724x1024.jpg\" class=\"attachment-large size-large\" alt=\"\" loading=\"lazy\" \/>\t\t\t\t\t\t\t\t\t\t\t<\/div>\n\t\t\t\t<\/div>\n\t\t\t\t<\/div>\n\t\t\t\t<div class=\"elementor-element elementor-element-5411145 elementor-align-right elementor-button-info elementor-widget elementor-widget-button\" data-id=\"5411145\" data-element_type=\"widget\" data-widget_type=\"button.default\">\n\t\t\t\t<div class=\"elementor-widget-container\">\n\t\t\t\t\t<div class=\"elementor-button-wrapper\">\n\t\t\t<a href=\"mailto:guillaume.barre@lumisculpt.fr%20\" class=\"elementor-button-link elementor-button elementor-size-md\" role=\"button\">\n\t\t\t\t\t\t<span class=\"elementor-button-content-wrapper\">\n\t\t\t\t\t\t<span class=\"elementor-button-icon elementor-align-icon-left\">\n\t\t\t\t<i aria-hidden=\"true\" class=\"far fa-envelope\"><\/i>\t\t\t<\/span>\n\t\t\t\t\t\t<span class=\"elementor-button-text\">contactez nous<\/span>\n\t\t<\/span>\n\t\t\t\t\t<\/a>\n\t\t<\/div>\n\t\t\t\t<\/div>\n\t\t\t\t<\/div>\n\t\t\t\t\t\t<\/div>\n\t\t\t\t\t<\/div>\n\t\t<\/div>\n\t\t\t\t\t\t\t\t<\/div>\n\t\t\t\t\t<\/div>\n\t\t<\/section>\n\t\t\t\t\t\t<\/div>\n\t\t\t\t\t\t<\/div>\n\t\t\t\t\t<\/div>\n\t\t","protected":false},"excerpt":{"rendered":"<p>Sensibles \u00e0 la r\u00e9habilitation d&#8217;objets anciens, nous avons d\u00e9velopp\u00e9 de nouvelles sculptures int\u00e9gr\u00e9es dans le globe de lampes anciennes-Pigeon pour leur offrir une seconde vie. Nous r\u00e9alisons des sculptures sur mesure pour r\u00e9habiliter vos propres lampes. contactez nous<\/p>\n","protected":false},"author":1,"featured_media":715,"parent":0,"menu_order":1,"comment_status":"closed","ping_status":"closed","template":"","meta":{"_et_pb_use_builder":"","_et_pb_old_content":"","_et_gb_content_width":""},"_links":{"self":[{"href":"http:\/\/lumisculpt.fr\/index.php?rest_route=\/wp\/v2\/pages\/405"}],"collection":[{"href":"http:\/\/lumisculpt.fr\/index.php?rest_route=\/wp\/v2\/pages"}],"about":[{"href":"http:\/\/lumisculpt.fr\/index.php?rest_route=\/wp\/v2\/types\/page"}],"author":[{"embeddable":true,"href":"http:\/\/lumisculpt.fr\/index.php?rest_route=\/wp\/v2\/users\/1"}],"replies":[{"embeddable":true,"href":"http:\/\/lumisculpt.fr\/index.php?rest_route=%2Fwp%2Fv2%2Fcomments&post=405"}],"version-history":[{"count":24,"href":"http:\/\/lumisculpt.fr\/index.php?rest_route=\/wp\/v2\/pages\/405\/revisions"}],"predecessor-version":[{"id":1310,"href":"http:\/\/lumisculpt.fr\/index.php?rest_route=\/wp\/v2\/pages\/405\/revisions\/1310"}],"wp:featuredmedia":[{"embeddable":true,"href":"http:\/\/lumisculpt.fr\/index.php?rest_route=\/wp\/v2\/media\/715"}],"wp:attachment":[{"href":"http:\/\/lumisculpt.fr\/index.php?rest_route=%2Fwp%2Fv2%2Fmedia&parent=405"}],"curies":[{"name":"wp","href":"https:\/\/api.w.org\/{rel}","templated":true}]}}