{"id":948,"date":"2019-06-17T08:39:51","date_gmt":"2019-06-17T06:39:51","guid":{"rendered":"http:\/\/lumisculpt.fr\/?page_id=948"},"modified":"2021-12-28T15:25:31","modified_gmt":"2021-12-28T14:25:31","slug":"rehabiliter-votre-lampe-ancienne","status":"publish","type":"page","link":"https:\/\/lumisculpt.fr\/?page_id=948","title":{"rendered":"R\u00e9habiliter votre lampe ancienne"},"content":{"rendered":"\t\t<div data-elementor-type=\"wp-post\" data-elementor-id=\"948\" class=\"elementor elementor-948\" data-elementor-settings=\"[]\">\n\t\t\t\t\t\t<div class=\"elementor-inner\">\n\t\t\t\t\t\t\t<div class=\"elementor-section-wrap\">\n\t\t\t\t\t\t\t<section class=\"elementor-section elementor-top-section elementor-element elementor-element-38836fd8 elementor-section-boxed elementor-section-height-default elementor-section-height-default\" data-id=\"38836fd8\" data-element_type=\"section\">\n\t\t\t\t\t\t<div class=\"elementor-container elementor-column-gap-default\">\n\t\t\t\t\t\t\t<div class=\"elementor-row\">\n\t\t\t\t\t<div class=\"elementor-column elementor-col-100 elementor-top-column elementor-element elementor-element-9265f24\" data-id=\"9265f24\" data-element_type=\"column\">\n\t\t\t<div class=\"elementor-column-wrap elementor-element-populated\">\n\t\t\t\t\t\t\t<div class=\"elementor-widget-wrap\">\n\t\t\t\t\t\t<div class=\"elementor-element elementor-element-10238a30 elementor-widget elementor-widget-text-editor\" data-id=\"10238a30\" data-element_type=\"widget\" data-widget_type=\"text-editor.default\">\n\t\t\t\t<div class=\"elementor-widget-container\">\n\t\t\t\t\t<div class=\"elementor-text-editor elementor-clearfix\"><p>Vous avez comme projet la r\u00e9habilitation de votre lampe ancienne? Notre proposons des modifications pour \u00e9quiper vos lampes de LEDs blanches (blanc froid ou blanc chaud) en toute finesse et dans le respect de l&#8217;objet original. Elles peuvent alors \u00eatre branch\u00e9es sur secteur ou rechargeable apr\u00e8s ajout d&#8217;une batterie dans le corps de la lampe.<\/p>\n<p>Envoyez nous des photos de votre lampe afin que nous puissions \u00e9tablir un devis rapidement (\u00e0 partir de 70 euros).<\/p><\/div>\n\t\t\t\t<\/div>\n\t\t\t\t<\/div>\n\t\t\t\t\t\t<\/div>\n\t\t\t\t\t<\/div>\n\t\t<\/div>\n\t\t\t\t\t\t\t\t<\/div>\n\t\t\t\t\t<\/div>\n\t\t<\/section>\n\t\t\t\t\t\t<\/div>\n\t\t\t\t\t\t<\/div>\n\t\t\t\t\t<\/div>\n\t\t","protected":false},"excerpt":{"rendered":"<p>Vous avez comme projet la r\u00e9habilitation de votre lampe ancienne? Notre proposons des modifications pour \u00e9quiper vos lampes de LEDs blanches (blanc froid ou blanc chaud) en toute finesse et dans le respect de l&#8217;objet original. Elles peuvent alors \u00eatre branch\u00e9es sur secteur ou rechargeable apr\u00e8s ajout d&#8217;une batterie dans le corps de la lampe. [&hellip;]<\/p>\n","protected":false},"author":1,"featured_media":954,"parent":0,"menu_order":0,"comment_status":"closed","ping_status":"closed","template":"","meta":{"_et_pb_use_builder":"","_et_pb_old_content":"","_et_gb_content_width":""},"_links":{"self":[{"href":"https:\/\/lumisculpt.fr\/index.php?rest_route=\/wp\/v2\/pages\/948"}],"collection":[{"href":"https:\/\/lumisculpt.fr\/index.php?rest_route=\/wp\/v2\/pages"}],"about":[{"href":"https:\/\/lumisculpt.fr\/index.php?rest_route=\/wp\/v2\/types\/page"}],"author":[{"embeddable":true,"href":"https:\/\/lumisculpt.fr\/index.php?rest_route=\/wp\/v2\/users\/1"}],"replies":[{"embeddable":true,"href":"https:\/\/lumisculpt.fr\/index.php?rest_route=%2Fwp%2Fv2%2Fcomments&post=948"}],"version-history":[{"count":3,"href":"https:\/\/lumisculpt.fr\/index.php?rest_route=\/wp\/v2\/pages\/948\/revisions"}],"predecessor-version":[{"id":1303,"href":"https:\/\/lumisculpt.fr\/index.php?rest_route=\/wp\/v2\/pages\/948\/revisions\/1303"}],"wp:featuredmedia":[{"embeddable":true,"href":"https:\/\/lumisculpt.fr\/index.php?rest_route=\/wp\/v2\/media\/954"}],"wp:attachment":[{"href":"https:\/\/lumisculpt.fr\/index.php?rest_route=%2Fwp%2Fv2%2Fmedia&parent=948"}],"curies":[{"name":"wp","href":"https:\/\/api.w.org\/{rel}","templated":true}]}}